{"id":7,"date":"2025-12-17T15:02:29","date_gmt":"2025-12-17T15:02:29","guid":{"rendered":"https:\/\/www.meadowstreet.cz\/e-shop\/cart"},"modified":"2026-01-01T12:13:24","modified_gmt":"2026-01-01T12:13:24","slug":"cart","status":"publish","type":"page","link":"https:\/\/www.meadowstreet.cz\/e-shop\/cart","title":{"rendered":"Ko\u0161\u00edk"},"content":{"rendered":"\n<div data-block-name=\"woocommerce\/cart\" class=\"wp-block-woocommerce-cart alignwide is-loading\">\n<div data-block-name=\"woocommerce\/filled-cart-block\" class=\"wp-block-woocommerce-filled-cart-block\">\n<div data-block-name=\"woocommerce\/cart-items-block\" class=\"wp-block-woocommerce-cart-items-block\">\n<div data-block-name=\"woocommerce\/cart-line-items-block\" class=\"wp-block-woocommerce-cart-line-items-block\"><\/div>\n\n\n<\/div>\n\n\n\n<div data-block-name=\"woocommerce\/cart-totals-block\" class=\"wp-block-woocommerce-cart-totals-block\">\n<div data-block-name=\"woocommerce\/cart-order-summary-block\" class=\"wp-block-woocommerce-cart-order-summary-block\">\n<div data-block-name=\"woocommerce\/cart-order-summary-heading-block\" data-content=\"Celkem k platb\u011b\" class=\"wp-block-woocommerce-cart-order-summary-heading-block\"><\/div>\n\n\n\n<div data-block-name=\"woocommerce\/cart-order-summary-coupon-form-block\" class=\"wp-block-woocommerce-cart-order-summary-coupon-form-block\"><\/div>\n\n\n\n<div data-block-name=\"woocommerce\/cart-order-summary-totals-block\" class=\"wp-block-woocommerce-cart-order-summary-totals-block\">\n<div data-block-name=\"woocommerce\/cart-order-summary-subtotal-block\" class=\"wp-block-woocommerce-cart-order-summary-subtotal-block\"><\/div>\n\n\n\n<div data-block-name=\"woocommerce\/cart-order-summary-fee-block\" class=\"wp-block-woocommerce-cart-order-summary-fee-block\"><\/div>\n\n\n\n<div data-block-name=\"woocommerce\/cart-order-summary-discount-block\" class=\"wp-block-woocommerce-cart-order-summary-discount-block\"><\/div>\n\n\n\n<div data-block-name=\"woocommerce\/cart-order-summary-shipping-block\" class=\"wp-block-woocommerce-cart-order-summary-shipping-block\"><\/div>\n\n\n\n<div data-block-name=\"woocommerce\/cart-order-summary-taxes-block\" class=\"wp-block-woocommerce-cart-order-summary-taxes-block\"><\/div>\n<\/div>\n<\/div>\n\n\n\n<div data-block-name=\"woocommerce\/cart-express-payment-block\" class=\"wp-block-woocommerce-cart-express-payment-block\"><\/div>\n\n\n\n<div data-block-name=\"woocommerce\/proceed-to-checkout-block\" class=\"wp-block-woocommerce-proceed-to-checkout-block\"><\/div>\n\n\n\n<div data-block-name=\"woocommerce\/cart-accepted-payment-methods-block\" class=\"wp-block-woocommerce-cart-accepted-payment-methods-block\"><\/div>\n<\/div>\n<\/div>\n\n\n\n<div data-block-name=\"woocommerce\/empty-cart-block\" class=\"wp-block-woocommerce-empty-cart-block\">\n<h2 class=\"wp-block-heading has-text-align-center with-empty-cart-icon wc-block-cart__empty-cart__title\">Your cart is currently empty!<\/h2>\n\n\n\n<hr class=\"wp-block-separator has-alpha-channel-opacity is-style-dots\"\/>\n\n\n\n<h2 class=\"wp-block-heading has-text-align-center\">New in store<\/h2>\n\n\n<div data-block-name=\"woocommerce\/product-new\" data-columns=\"4\" data-rows=\"1\" class=\"wc-block-grid wp-block-product-new wp-block-woocommerce-product-new wc-block-product-new has-4-columns\"><ul class=\"wc-block-grid__products\"><li class=\"wc-block-grid__product\">\n\t\t\t\t<a href=\"https:\/\/www.meadowstreet.cz\/e-shop\/product\/20260619_melodka\" class=\"wc-block-grid__product-link\">\n\t\t\t\t\t\n\t\t\t\t\t<div class=\"wc-block-grid__product-image\"><img loading=\"lazy\" decoding=\"async\" width=\"324\" height=\"405\" src=\"https:\/\/www.meadowstreet.cz\/e-shop\/wp-content\/uploads\/2026\/03\/20260619_fin-324x405.jpg\" class=\"attachment-woocommerce_thumbnail size-woocommerce_thumbnail\" alt=\"19.6.2026 - koncert v MELODKA Brno\" \/><\/div>\n\t\t\t\t\t<div class=\"wc-block-grid__product-title\">19.6.2026 &#8211; koncert v MELODKA Brno<\/div>\n\t\t\t\t<\/a>\n\t\t\t\t<div class=\"wc-block-grid__product-price price\"><\/div>\n\t\t\t\t\n\t\t\t\t<div class=\"wp-block-button wc-block-grid__product-add-to-cart\"><a href=\"https:\/\/www.meadowstreet.cz\/e-shop\/product\/20260619_melodka\" aria-label=\"Zjistit v\u00edce o &bdquo;19.6.2026 - koncert v MELODKA Brno&ldquo;\" data-quantity=\"1\" data-product_id=\"262\" data-product_sku=\"\" data-price=\"0\" rel=\"nofollow\" class=\"wp-block-button__link  add_to_cart_button\">\u010ct\u011bte v\u00edce<\/a><\/div>\n\t\t\t<\/li><li class=\"wc-block-grid__product\">\n\t\t\t\t<a href=\"https:\/\/www.meadowstreet.cz\/e-shop\/product\/tricko-cerne-kintsugi\" class=\"wc-block-grid__product-link\">\n\t\t\t\t\t\n\t\t\t\t\t<div class=\"wc-block-grid__product-image\"><img loading=\"lazy\" decoding=\"async\" width=\"324\" height=\"405\" src=\"https:\/\/www.meadowstreet.cz\/e-shop\/wp-content\/uploads\/2026\/03\/triko_kintsugi-324x405.jpg\" class=\"attachment-woocommerce_thumbnail size-woocommerce_thumbnail\" alt=\"Tri\u010dko \u010dern\u00e9 kintsugi (unisex)\" \/><\/div>\n\t\t\t\t\t<div class=\"wc-block-grid__product-title\">Tri\u010dko \u010dern\u00e9 kintsugi (unisex)<\/div>\n\t\t\t\t<\/a>\n\t\t\t\t<div class=\"wc-block-grid__product-price price\"><span class=\"woocommerce-Price-amount amount\">300&nbsp;<span class=\"woocommerce-Price-currencySymbol\">&#075;&#269;<\/span><\/span><\/div>\n\t\t\t\t\n\t\t\t\t<div class=\"wp-block-button wc-block-grid__product-add-to-cart\"><a href=\"https:\/\/www.meadowstreet.cz\/e-shop\/product\/tricko-cerne-kintsugi\" aria-label=\"Vyberte nastaven\u00ed pro &bdquo;Tri\u010dko \u010dern\u00e9 kintsugi (unisex)&ldquo;\" data-quantity=\"1\" data-product_id=\"253\" data-product_sku=\"TR_BLACK-KT\" data-price=\"300\" rel=\"nofollow\" class=\"wp-block-button__link  add_to_cart_button\">V\u00fdb\u011br mo\u017enost\u00ed<\/a><\/div>\n\t\t\t<\/li><li class=\"wc-block-grid__product\">\n\t\t\t\t<a href=\"https:\/\/www.meadowstreet.cz\/e-shop\/product\/cd-na-troskach-snu-lp-rok-2026\" class=\"wc-block-grid__product-link\">\n\t\t\t\t\t\n\t\t\t\t\t<div class=\"wc-block-grid__product-image\"><img loading=\"lazy\" decoding=\"async\" width=\"324\" height=\"405\" src=\"https:\/\/www.meadowstreet.cz\/e-shop\/wp-content\/uploads\/2026\/01\/na-troskach-snu-obal-FIN2-324x405.jpg\" class=\"attachment-woocommerce_thumbnail size-woocommerce_thumbnail\" alt=\"CD - Na trosk\u00e1ch sn\u016f LP, rok 2026\" \/><\/div>\n\t\t\t\t\t<div class=\"wc-block-grid__product-title\">CD &#8211; Na trosk\u00e1ch sn\u016f LP, rok 2026<\/div>\n\t\t\t\t<\/a>\n\t\t\t\t<div class=\"wc-block-grid__product-price price\"><span class=\"woocommerce-Price-amount amount\">250&nbsp;<span class=\"woocommerce-Price-currencySymbol\">&#075;&#269;<\/span><\/span><\/div>\n\t\t\t\t\n\t\t\t\t<div class=\"wp-block-button wc-block-grid__product-add-to-cart\"><a href=\"\/e-shop\/wp-json\/wp\/v2\/pages\/7?add-to-cart=236\" aria-label=\"P\u0159idat do ko\u0161\u00edku: &ldquo;CD - Na trosk\u00e1ch sn\u016f LP, rok 2026&rdquo;\" data-quantity=\"1\" data-product_id=\"236\" data-product_sku=\"CD_LP26\" data-price=\"250\" rel=\"nofollow\" class=\"wp-block-button__link  add_to_cart_button ajax_add_to_cart\">P\u0159idat do ko\u0161\u00edku<\/a><\/div>\n\t\t\t<\/li><li class=\"wc-block-grid__product\">\n\t\t\t\t<a href=\"https:\/\/www.meadowstreet.cz\/e-shop\/product\/kniha_pribeh_tuone_2026\" class=\"wc-block-grid__product-link\">\n\t\t\t\t\t\n\t\t\t\t\t<div class=\"wc-block-grid__product-image\"><img loading=\"lazy\" decoding=\"async\" width=\"324\" height=\"405\" src=\"https:\/\/www.meadowstreet.cz\/e-shop\/wp-content\/uploads\/2026\/01\/obal_publikace-324x405.jpg\" class=\"attachment-woocommerce_thumbnail size-woocommerce_thumbnail\" alt=\"Kniha - P\u0159\u00edb\u011bh Tuon\u00e9, rok 2026\" \/><\/div>\n\t\t\t\t\t<div class=\"wc-block-grid__product-title\">Kniha &#8211; P\u0159\u00edb\u011bh Tuon\u00e9, rok 2026<\/div>\n\t\t\t\t<\/a>\n\t\t\t\t<div class=\"wc-block-grid__product-price price\"><span class=\"woocommerce-Price-amount amount\">100&nbsp;<span class=\"woocommerce-Price-currencySymbol\">&#075;&#269;<\/span><\/span><\/div>\n\t\t\t\t\n\t\t\t\t<div class=\"wp-block-button wc-block-grid__product-add-to-cart\"><a href=\"\/e-shop\/wp-json\/wp\/v2\/pages\/7?add-to-cart=239\" aria-label=\"P\u0159idat do ko\u0161\u00edku: &ldquo;Kniha - P\u0159\u00edb\u011bh Tuon\u00e9, rok 2026&rdquo;\" data-quantity=\"1\" data-product_id=\"239\" data-product_sku=\"KNI_TUO26\" data-price=\"100\" rel=\"nofollow\" class=\"wp-block-button__link  add_to_cart_button ajax_add_to_cart\">P\u0159idat do ko\u0161\u00edku<\/a><\/div>\n\t\t\t<\/li><\/ul><\/div><\/div>\n<\/div>\n","protected":false},"excerpt":{"rendered":"","protected":false},"author":1,"featured_media":0,"parent":0,"menu_order":0,"comment_status":"closed","ping_status":"closed","template":"","meta":{"footnotes":""},"class_list":["post-7","page","type-page","status-publish","hentry"],"jetpack_sharing_enabled":true,"_links":{"self":[{"href":"https:\/\/www.meadowstreet.cz\/e-shop\/wp-json\/wp\/v2\/pages\/7","targetHints":{"allow":["GET"]}}],"collection":[{"href":"https:\/\/www.meadowstreet.cz\/e-shop\/wp-json\/wp\/v2\/pages"}],"about":[{"href":"https:\/\/www.meadowstreet.cz\/e-shop\/wp-json\/wp\/v2\/types\/page"}],"author":[{"embeddable":true,"href":"https:\/\/www.meadowstreet.cz\/e-shop\/wp-json\/wp\/v2\/users\/1"}],"replies":[{"embeddable":true,"href":"https:\/\/www.meadowstreet.cz\/e-shop\/wp-json\/wp\/v2\/comments?post=7"}],"version-history":[{"count":3,"href":"https:\/\/www.meadowstreet.cz\/e-shop\/wp-json\/wp\/v2\/pages\/7\/revisions"}],"predecessor-version":[{"id":101,"href":"https:\/\/www.meadowstreet.cz\/e-shop\/wp-json\/wp\/v2\/pages\/7\/revisions\/101"}],"wp:attachment":[{"href":"https:\/\/www.meadowstreet.cz\/e-shop\/wp-json\/wp\/v2\/media?parent=7"}],"curies":[{"name":"wp","href":"https:\/\/api.w.org\/{rel}","templated":true}]}}