{"id":155,"date":"2025-12-19T16:52:18","date_gmt":"2025-12-19T16:52:18","guid":{"rendered":"https:\/\/www.meadowstreet.cz\/e-shop\/?post_type=product&#038;p=155"},"modified":"2026-01-18T09:58:24","modified_gmt":"2026-01-18T09:58:24","slug":"tricko-bile-unisex","status":"publish","type":"product","link":"https:\/\/www.meadowstreet.cz\/e-shop\/product\/tricko-bile-unisex","title":{"rendered":"Tri\u010dko b\u00edl\u00e9 (unisex) text V\u00edtr"},"content":{"rendered":"<ul class=\"wp-block-list\">\n<li>Kvalitn\u00ed bavln\u011bn\u00e9 tri\u010dko<\/li>\n<li>100% bavlna (160g\/m2)<\/li>\n<li>prateln\u00e9 na 40 \u00b0C<\/li>\n<li>unisex<\/li>\n<\/ul>\n","protected":false},"excerpt":{"rendered":"<p>Kvalitn\u00ed bavln\u011bn\u00e9 tri\u010dko 100% bavlna (160g\/m2) prateln\u00e9 na 40 \u00b0C unisex<\/p>\n","protected":false},"featured_media":159,"template":"","meta":[],"product_brand":[],"product_cat":[36],"product_tag":[],"class_list":{"0":"post-155","1":"product","2":"type-product","3":"status-publish","4":"has-post-thumbnail","6":"product_cat-tricka","7":"pa_velikost-l","8":"pa_velikost-m","9":"pa_velikost-xl","11":"first","12":"instock","13":"shipping-taxable","14":"purchasable","15":"product-type-variable","16":"has-default-attributes"},"jetpack_sharing_enabled":true,"_links":{"self":[{"href":"https:\/\/www.meadowstreet.cz\/e-shop\/wp-json\/wp\/v2\/product\/155","targetHints":{"allow":["GET"]}}],"collection":[{"href":"https:\/\/www.meadowstreet.cz\/e-shop\/wp-json\/wp\/v2\/product"}],"about":[{"href":"https:\/\/www.meadowstreet.cz\/e-shop\/wp-json\/wp\/v2\/types\/product"}],"wp:featuredmedia":[{"embeddable":true,"href":"https:\/\/www.meadowstreet.cz\/e-shop\/wp-json\/wp\/v2\/media\/159"}],"wp:attachment":[{"href":"https:\/\/www.meadowstreet.cz\/e-shop\/wp-json\/wp\/v2\/media?parent=155"}],"wp:term":[{"taxonomy":"product_brand","embeddable":true,"href":"https:\/\/www.meadowstreet.cz\/e-shop\/wp-json\/wp\/v2\/product_brand?post=155"},{"taxonomy":"product_cat","embeddable":true,"href":"https:\/\/www.meadowstreet.cz\/e-shop\/wp-json\/wp\/v2\/product_cat?post=155"},{"taxonomy":"product_tag","embeddable":true,"href":"https:\/\/www.meadowstreet.cz\/e-shop\/wp-json\/wp\/v2\/product_tag?post=155"}],"curies":[{"name":"wp","href":"https:\/\/api.w.org\/{rel}","templated":true}]}}