{"id":160,"date":"2025-12-19T16:56:07","date_gmt":"2025-12-19T16:56:07","guid":{"rendered":"https:\/\/www.meadowstreet.cz\/e-shop\/?post_type=product&#038;p=160"},"modified":"2026-03-17T09:42:23","modified_gmt":"2026-03-17T09:42:23","slug":"tricko-cervene-damske","status":"publish","type":"product","link":"https:\/\/www.meadowstreet.cz\/e-shop\/product\/tricko-cervene-damske","title":{"rendered":"Tri\u010dko \u010derven\u00e9 (d\u00e1msk\u00e9)"},"content":{"rendered":"<ul class=\"wp-block-list\">\n<li>kvalitn\u00ed bavln\u011bn\u00e9 d\u00e1msk\u00e9 tri\u010dko<\/li>\n<li>barva marlboro<\/li>\n<li>s lehce vypasovan\u00fdm st\u0159ihem s bo\u010dn\u00edmi \u0161vy<\/li>\n<li>100% bavlna (160g\/m2)<\/li>\n<li>prateln\u00e9 na 40 \u00b0C<\/li>\n<\/ul>\n","protected":false},"excerpt":{"rendered":"<p>kvalitn\u00ed bavln\u011bn\u00e9 d\u00e1msk\u00e9 tri\u010dko barva marlboro s lehce vypasovan\u00fdm st\u0159ihem s bo\u010dn\u00edmi \u0161vy 100% bavlna (160g\/m2) prateln\u00e9 na 40 \u00b0C<\/p>\n","protected":false},"featured_media":164,"template":"","meta":[],"product_brand":[],"product_cat":[36],"product_tag":[],"class_list":{"0":"post-160","1":"product","2":"type-product","3":"status-publish","4":"has-post-thumbnail","6":"product_cat-tricka","7":"pa_velikost-l","8":"pa_velikost-m","9":"pa_velikost-s","11":"first","12":"instock","13":"shipping-taxable","14":"purchasable","15":"product-type-variable","16":"has-default-attributes"},"jetpack_sharing_enabled":true,"_links":{"self":[{"href":"https:\/\/www.meadowstreet.cz\/e-shop\/wp-json\/wp\/v2\/product\/160","targetHints":{"allow":["GET"]}}],"collection":[{"href":"https:\/\/www.meadowstreet.cz\/e-shop\/wp-json\/wp\/v2\/product"}],"about":[{"href":"https:\/\/www.meadowstreet.cz\/e-shop\/wp-json\/wp\/v2\/types\/product"}],"wp:featuredmedia":[{"embeddable":true,"href":"https:\/\/www.meadowstreet.cz\/e-shop\/wp-json\/wp\/v2\/media\/164"}],"wp:attachment":[{"href":"https:\/\/www.meadowstreet.cz\/e-shop\/wp-json\/wp\/v2\/media?parent=160"}],"wp:term":[{"taxonomy":"product_brand","embeddable":true,"href":"https:\/\/www.meadowstreet.cz\/e-shop\/wp-json\/wp\/v2\/product_brand?post=160"},{"taxonomy":"product_cat","embeddable":true,"href":"https:\/\/www.meadowstreet.cz\/e-shop\/wp-json\/wp\/v2\/product_cat?post=160"},{"taxonomy":"product_tag","embeddable":true,"href":"https:\/\/www.meadowstreet.cz\/e-shop\/wp-json\/wp\/v2\/product_tag?post=160"}],"curies":[{"name":"wp","href":"https:\/\/api.w.org\/{rel}","templated":true}]}}