{"id":177,"date":"2025-12-19T17:44:47","date_gmt":"2025-12-19T17:44:47","guid":{"rendered":"https:\/\/www.meadowstreet.cz\/e-shop\/?post_type=product&#038;p=177"},"modified":"2026-01-18T09:55:09","modified_gmt":"2026-01-18T09:55:09","slug":"cd-epicke-album-lp-rok-2023","status":"publish","type":"product","link":"https:\/\/www.meadowstreet.cz\/e-shop\/product\/cd-epicke-album-lp-rok-2023","title":{"rendered":"CD &#8211; Epick\u00e9 album LP, rok 2023"},"content":{"rendered":"<ul>\n<li>Epick\u00e9 album<\/li>\n<li>vyd\u00e1no: leden 2023<\/li>\n<li>nosi\u010d: CD<\/li>\n<\/ul>\n","protected":false},"excerpt":{"rendered":"<p>Epick\u00e9 album vyd\u00e1no: leden 2023 nosi\u010d: CD<\/p>\n","protected":false},"featured_media":178,"template":"","meta":[],"product_brand":[],"product_cat":[37],"product_tag":[],"class_list":{"0":"post-177","1":"product","2":"type-product","3":"status-publish","4":"has-post-thumbnail","6":"product_cat-cd_knihy","8":"first","9":"instock","10":"shipping-taxable","11":"purchasable","12":"product-type-simple"},"jetpack_sharing_enabled":true,"_links":{"self":[{"href":"https:\/\/www.meadowstreet.cz\/e-shop\/wp-json\/wp\/v2\/product\/177","targetHints":{"allow":["GET"]}}],"collection":[{"href":"https:\/\/www.meadowstreet.cz\/e-shop\/wp-json\/wp\/v2\/product"}],"about":[{"href":"https:\/\/www.meadowstreet.cz\/e-shop\/wp-json\/wp\/v2\/types\/product"}],"wp:featuredmedia":[{"embeddable":true,"href":"https:\/\/www.meadowstreet.cz\/e-shop\/wp-json\/wp\/v2\/media\/178"}],"wp:attachment":[{"href":"https:\/\/www.meadowstreet.cz\/e-shop\/wp-json\/wp\/v2\/media?parent=177"}],"wp:term":[{"taxonomy":"product_brand","embeddable":true,"href":"https:\/\/www.meadowstreet.cz\/e-shop\/wp-json\/wp\/v2\/product_brand?post=177"},{"taxonomy":"product_cat","embeddable":true,"href":"https:\/\/www.meadowstreet.cz\/e-shop\/wp-json\/wp\/v2\/product_cat?post=177"},{"taxonomy":"product_tag","embeddable":true,"href":"https:\/\/www.meadowstreet.cz\/e-shop\/wp-json\/wp\/v2\/product_tag?post=177"}],"curies":[{"name":"wp","href":"https:\/\/api.w.org\/{rel}","templated":true}]}}