{"id":232,"date":"2026-01-14T17:11:57","date_gmt":"2026-01-14T17:11:57","guid":{"rendered":"https:\/\/www.meadowstreet.cz\/e-shop\/?post_type=product&#038;p=232"},"modified":"2026-01-26T19:57:35","modified_gmt":"2026-01-26T19:57:35","slug":"damska-polokosile-cerna","status":"publish","type":"product","link":"https:\/\/www.meadowstreet.cz\/e-shop\/product\/damska-polokosile-cerna","title":{"rendered":"D\u00e1msk\u00e1 poloko\u0161ile \u010dern\u00e1"},"content":{"rendered":"<ul class=\"wp-block-list\">\n<li>materi\u00e1l 65% bavlna, 35% polyester<\/li>\n<li>gram\u00e1\u017e 200g\/m2<\/li>\n<li>prateln\u00e9 na 40 \u00b0C<\/li>\n<\/ul>\n","protected":false},"excerpt":{"rendered":"<p>materi\u00e1l 65% bavlna, 35% polyester gram\u00e1\u017e 200g\/m2 prateln\u00e9 na 40 \u00b0C<\/p>\n","protected":false},"featured_media":215,"template":"","meta":[],"product_brand":[],"product_cat":[39],"product_tag":[],"class_list":{"0":"post-232","1":"product","2":"type-product","3":"status-publish","4":"has-post-thumbnail","6":"product_cat-polokosile","7":"pa_velikost-l","8":"pa_velikost-m","9":"pa_velikost-xl","11":"first","12":"instock","13":"shipping-taxable","14":"purchasable","15":"product-type-variable","16":"has-default-attributes"},"jetpack_sharing_enabled":true,"_links":{"self":[{"href":"https:\/\/www.meadowstreet.cz\/e-shop\/wp-json\/wp\/v2\/product\/232","targetHints":{"allow":["GET"]}}],"collection":[{"href":"https:\/\/www.meadowstreet.cz\/e-shop\/wp-json\/wp\/v2\/product"}],"about":[{"href":"https:\/\/www.meadowstreet.cz\/e-shop\/wp-json\/wp\/v2\/types\/product"}],"wp:featuredmedia":[{"embeddable":true,"href":"https:\/\/www.meadowstreet.cz\/e-shop\/wp-json\/wp\/v2\/media\/215"}],"wp:attachment":[{"href":"https:\/\/www.meadowstreet.cz\/e-shop\/wp-json\/wp\/v2\/media?parent=232"}],"wp:term":[{"taxonomy":"product_brand","embeddable":true,"href":"https:\/\/www.meadowstreet.cz\/e-shop\/wp-json\/wp\/v2\/product_brand?post=232"},{"taxonomy":"product_cat","embeddable":true,"href":"https:\/\/www.meadowstreet.cz\/e-shop\/wp-json\/wp\/v2\/product_cat?post=232"},{"taxonomy":"product_tag","embeddable":true,"href":"https:\/\/www.meadowstreet.cz\/e-shop\/wp-json\/wp\/v2\/product_tag?post=232"}],"curies":[{"name":"wp","href":"https:\/\/api.w.org\/{rel}","templated":true}]}}