{"id":236,"date":"2026-01-31T13:40:20","date_gmt":"2026-01-31T13:40:20","guid":{"rendered":"https:\/\/www.meadowstreet.cz\/e-shop\/?post_type=product&#038;p=236"},"modified":"2026-03-17T09:40:16","modified_gmt":"2026-03-17T09:40:16","slug":"cd-na-troskach-snu-lp-rok-2026","status":"publish","type":"product","link":"https:\/\/www.meadowstreet.cz\/e-shop\/product\/cd-na-troskach-snu-lp-rok-2026","title":{"rendered":"CD &#8211; Na trosk\u00e1ch sn\u016f LP, rok 2026"},"content":{"rendered":"<ul>\n<li>Na trosk\u00e1ch sn\u016f<\/li>\n<li>vyd\u00e1no: \u00fanor 2026<\/li>\n<li>nosi\u010d: CD<\/li>\n<\/ul>\n","protected":false},"excerpt":{"rendered":"<p>Na trosk\u00e1ch sn\u016f vyd\u00e1no: \u00fanor 2026 nosi\u010d: CD<\/p>\n","protected":false},"featured_media":237,"template":"","meta":[],"product_brand":[],"product_cat":[37],"product_tag":[],"class_list":{"0":"post-236","1":"product","2":"type-product","3":"status-publish","4":"has-post-thumbnail","6":"product_cat-cd_knihy","8":"first","9":"instock","10":"shipping-taxable","11":"purchasable","12":"product-type-simple"},"jetpack_sharing_enabled":true,"_links":{"self":[{"href":"https:\/\/www.meadowstreet.cz\/e-shop\/wp-json\/wp\/v2\/product\/236","targetHints":{"allow":["GET"]}}],"collection":[{"href":"https:\/\/www.meadowstreet.cz\/e-shop\/wp-json\/wp\/v2\/product"}],"about":[{"href":"https:\/\/www.meadowstreet.cz\/e-shop\/wp-json\/wp\/v2\/types\/product"}],"wp:featuredmedia":[{"embeddable":true,"href":"https:\/\/www.meadowstreet.cz\/e-shop\/wp-json\/wp\/v2\/media\/237"}],"wp:attachment":[{"href":"https:\/\/www.meadowstreet.cz\/e-shop\/wp-json\/wp\/v2\/media?parent=236"}],"wp:term":[{"taxonomy":"product_brand","embeddable":true,"href":"https:\/\/www.meadowstreet.cz\/e-shop\/wp-json\/wp\/v2\/product_brand?post=236"},{"taxonomy":"product_cat","embeddable":true,"href":"https:\/\/www.meadowstreet.cz\/e-shop\/wp-json\/wp\/v2\/product_cat?post=236"},{"taxonomy":"product_tag","embeddable":true,"href":"https:\/\/www.meadowstreet.cz\/e-shop\/wp-json\/wp\/v2\/product_tag?post=236"}],"curies":[{"name":"wp","href":"https:\/\/api.w.org\/{rel}","templated":true}]}}