{"id":243,"date":"2026-01-26T19:50:09","date_gmt":"2026-01-26T19:50:09","guid":{"rendered":"https:\/\/www.meadowstreet.cz\/e-shop\/?post_type=product&#038;p=243"},"modified":"2026-02-26T07:14:35","modified_gmt":"2026-02-26T07:14:35","slug":"sada_cd_kniha_2026","status":"publish","type":"product","link":"https:\/\/www.meadowstreet.cz\/e-shop\/product\/sada_cd_kniha_2026","title":{"rendered":"CD+Kniha &#8211; Na trosk\u00e1ch sn\u016f a P\u0159\u00edb\u011bh Tuon\u00e9"},"content":{"rendered":"<ul>\n<li>speci\u00e1ln\u00ed sada CD a knihy<\/li>\n<li>CD &#8211; album Na trosk\u00e1ch sn\u016f<\/li>\n<li>publikace P\u0159\u00edb\u011bh Tuon\u00e9 &#8222;Na trosk\u00e1ch sn\u016f&#8220;<\/li>\n<li>vyd\u00e1no: \u00fanor 2026<\/li>\n<\/ul>\n","protected":false},"excerpt":{"rendered":"<p>speci\u00e1ln\u00ed sada CD a knihy CD &#8211; album Na trosk\u00e1ch sn\u016f publikace P\u0159\u00edb\u011bh Tuon\u00e9 &#8222;Na trosk\u00e1ch sn\u016f&#8220; vyd\u00e1no: \u00fanor 2026<\/p>\n","protected":false},"featured_media":242,"template":"","meta":[],"product_brand":[],"product_cat":[37],"product_tag":[],"class_list":{"0":"post-243","1":"product","2":"type-product","3":"status-publish","4":"has-post-thumbnail","6":"product_cat-cd_knihy","8":"first","9":"instock","10":"shipping-taxable","11":"purchasable","12":"product-type-simple"},"jetpack_sharing_enabled":true,"_links":{"self":[{"href":"https:\/\/www.meadowstreet.cz\/e-shop\/wp-json\/wp\/v2\/product\/243","targetHints":{"allow":["GET"]}}],"collection":[{"href":"https:\/\/www.meadowstreet.cz\/e-shop\/wp-json\/wp\/v2\/product"}],"about":[{"href":"https:\/\/www.meadowstreet.cz\/e-shop\/wp-json\/wp\/v2\/types\/product"}],"wp:featuredmedia":[{"embeddable":true,"href":"https:\/\/www.meadowstreet.cz\/e-shop\/wp-json\/wp\/v2\/media\/242"}],"wp:attachment":[{"href":"https:\/\/www.meadowstreet.cz\/e-shop\/wp-json\/wp\/v2\/media?parent=243"}],"wp:term":[{"taxonomy":"product_brand","embeddable":true,"href":"https:\/\/www.meadowstreet.cz\/e-shop\/wp-json\/wp\/v2\/product_brand?post=243"},{"taxonomy":"product_cat","embeddable":true,"href":"https:\/\/www.meadowstreet.cz\/e-shop\/wp-json\/wp\/v2\/product_cat?post=243"},{"taxonomy":"product_tag","embeddable":true,"href":"https:\/\/www.meadowstreet.cz\/e-shop\/wp-json\/wp\/v2\/product_tag?post=243"}],"curies":[{"name":"wp","href":"https:\/\/api.w.org\/{rel}","templated":true}]}}