{"id":253,"date":"2026-03-13T13:23:27","date_gmt":"2026-03-13T13:23:27","guid":{"rendered":"https:\/\/www.meadowstreet.cz\/e-shop\/?post_type=product&#038;p=253"},"modified":"2026-03-17T09:41:57","modified_gmt":"2026-03-17T09:41:57","slug":"tricko-cerne-kintsugi","status":"publish","type":"product","link":"https:\/\/www.meadowstreet.cz\/e-shop\/product\/tricko-cerne-kintsugi","title":{"rendered":"Tri\u010dko \u010dern\u00e9 kintsugi (unisex)"},"content":{"rendered":"<ul class=\"wp-block-list\">\n<li>Kvalitn\u00ed bavln\u011bn\u00e9 tri\u010dko<\/li>\n<li>100% bavlna (160g\/m2)<\/li>\n<li>prateln\u00e9 na 40 \u00b0C<\/li>\n<li>unisex<\/li>\n<\/ul>\n","protected":false},"excerpt":{"rendered":"<p>Kvalitn\u00ed bavln\u011bn\u00e9 tri\u010dko 100% bavlna (160g\/m2) prateln\u00e9 na 40 \u00b0C unisex<\/p>\n","protected":false},"featured_media":259,"template":"","meta":[],"product_brand":[],"product_cat":[36],"product_tag":[],"class_list":{"0":"post-253","1":"product","2":"type-product","3":"status-publish","4":"has-post-thumbnail","6":"product_cat-tricka","7":"pa_velikost-l","8":"pa_velikost-m","9":"pa_velikost-xl","11":"first","12":"instock","13":"shipping-taxable","14":"purchasable","15":"product-type-variable","16":"has-default-attributes"},"jetpack_sharing_enabled":true,"_links":{"self":[{"href":"https:\/\/www.meadowstreet.cz\/e-shop\/wp-json\/wp\/v2\/product\/253","targetHints":{"allow":["GET"]}}],"collection":[{"href":"https:\/\/www.meadowstreet.cz\/e-shop\/wp-json\/wp\/v2\/product"}],"about":[{"href":"https:\/\/www.meadowstreet.cz\/e-shop\/wp-json\/wp\/v2\/types\/product"}],"wp:featuredmedia":[{"embeddable":true,"href":"https:\/\/www.meadowstreet.cz\/e-shop\/wp-json\/wp\/v2\/media\/259"}],"wp:attachment":[{"href":"https:\/\/www.meadowstreet.cz\/e-shop\/wp-json\/wp\/v2\/media?parent=253"}],"wp:term":[{"taxonomy":"product_brand","embeddable":true,"href":"https:\/\/www.meadowstreet.cz\/e-shop\/wp-json\/wp\/v2\/product_brand?post=253"},{"taxonomy":"product_cat","embeddable":true,"href":"https:\/\/www.meadowstreet.cz\/e-shop\/wp-json\/wp\/v2\/product_cat?post=253"},{"taxonomy":"product_tag","embeddable":true,"href":"https:\/\/www.meadowstreet.cz\/e-shop\/wp-json\/wp\/v2\/product_tag?post=253"}],"curies":[{"name":"wp","href":"https:\/\/api.w.org\/{rel}","templated":true}]}}